{"id":607,"date":"2019-05-17T12:26:42","date_gmt":"2019-05-17T10:26:42","guid":{"rendered":"http:\/\/www.danplast.it\/applications\/"},"modified":"2019-05-17T12:41:09","modified_gmt":"2019-05-17T10:41:09","slug":"applications","status":"publish","type":"page","link":"https:\/\/www.danplast.it\/fr\/applications\/","title":{"rendered":"APPLICATIONS"},"content":{"rendered":"\t\t<div data-elementor-type=\"wp-post\" data-elementor-id=\"607\" class=\"elementor elementor-607 elementor-321\">\n\t\t\t\t\t\t<section class=\"elementor-section elementor-top-section elementor-element elementor-element-3d2707c elementor-section-boxed elementor-section-height-default elementor-section-height-default\" data-id=\"3d2707c\" data-element_type=\"section\" data-e-type=\"section\">\n\t\t\t\t\t\t<div class=\"elementor-container elementor-column-gap-default\">\n\t\t\t\t\t<div class=\"elementor-column elementor-col-100 elementor-top-column elementor-element elementor-element-f9d6553\" data-id=\"f9d6553\" data-element_type=\"column\" data-e-type=\"column\">\n\t\t\t<div class=\"elementor-widget-wrap elementor-element-populated\">\n\t\t\t\t\t\t<div class=\"elementor-element elementor-element-e440dcb elementor-widget elementor-widget-heading\" data-id=\"e440dcb\" data-element_type=\"widget\" data-e-type=\"widget\" data-widget_type=\"heading.default\">\n\t\t\t\t<div class=\"elementor-widget-container\">\n\t\t\t\t\t<h2 class=\"elementor-heading-title elementor-size-default\">NOS APPLICATIONS<\/h2>\t\t\t\t<\/div>\n\t\t\t\t<\/div>\n\t\t\t\t<div class=\"elementor-element elementor-element-895b4bf elementor-widget-divider--view-line elementor-widget elementor-widget-divider\" data-id=\"895b4bf\" data-element_type=\"widget\" data-e-type=\"widget\" data-widget_type=\"divider.default\">\n\t\t\t\t<div class=\"elementor-widget-container\">\n\t\t\t\t\t\t\t<div class=\"elementor-divider\">\n\t\t\t<span class=\"elementor-divider-separator\">\n\t\t\t\t\t\t<\/span>\n\t\t<\/div>\n\t\t\t\t\t\t<\/div>\n\t\t\t\t<\/div>\n\t\t\t\t\t<\/div>\n\t\t<\/div>\n\t\t\t\t\t<\/div>\n\t\t<\/section>\n\t\t\t\t<section class=\"elementor-section elementor-top-section elementor-element elementor-element-955b0f3 elementor-section-boxed elementor-section-height-default elementor-section-height-default\" data-id=\"955b0f3\" data-element_type=\"section\" data-e-type=\"section\">\n\t\t\t\t\t\t<div class=\"elementor-container elementor-column-gap-default\">\n\t\t\t\t\t<div class=\"elementor-column elementor-col-50 elementor-top-column elementor-element elementor-element-9e7c31b\" data-id=\"9e7c31b\" data-element_type=\"column\" data-e-type=\"column\">\n\t\t\t<div class=\"elementor-widget-wrap elementor-element-populated\">\n\t\t\t\t\t\t<div class=\"elementor-element elementor-element-ab31db1 elementor-widget elementor-widget-image\" data-id=\"ab31db1\" data-element_type=\"widget\" data-e-type=\"widget\" data-widget_type=\"image.default\">\n\t\t\t\t<div class=\"elementor-widget-container\">\n\t\t\t\t\t\t\t\t\t\t\t\t\t\t\t<img fetchpriority=\"high\" decoding=\"async\" width=\"1024\" height=\"683\" src=\"https:\/\/www.danplast.it\/wp-content\/uploads\/2019\/05\/iStock-91721347-1024x683.jpg\" class=\"attachment-large size-large wp-image-1050\" alt=\"\" srcset=\"https:\/\/www.danplast.it\/wp-content\/uploads\/2019\/05\/iStock-91721347-1024x683.jpg 1024w, https:\/\/www.danplast.it\/wp-content\/uploads\/2019\/05\/iStock-91721347-300x200.jpg 300w, https:\/\/www.danplast.it\/wp-content\/uploads\/2019\/05\/iStock-91721347-768x512.jpg 768w, https:\/\/www.danplast.it\/wp-content\/uploads\/2019\/05\/iStock-91721347-e1561538585898.jpg 1280w\" sizes=\"(max-width: 1024px) 100vw, 1024px\" \/>\t\t\t\t\t\t\t\t\t\t\t\t\t\t\t<\/div>\n\t\t\t\t<\/div>\n\t\t\t\t\t<\/div>\n\t\t<\/div>\n\t\t\t\t<div class=\"elementor-column elementor-col-50 elementor-top-column elementor-element elementor-element-665cb6c\" data-id=\"665cb6c\" data-element_type=\"column\" data-e-type=\"column\">\n\t\t\t<div class=\"elementor-widget-wrap elementor-element-populated\">\n\t\t\t\t\t\t<div class=\"elementor-element elementor-element-6a5b6e1 elementor-widget elementor-widget-heading\" data-id=\"6a5b6e1\" data-element_type=\"widget\" data-e-type=\"widget\" data-widget_type=\"heading.default\">\n\t\t\t\t<div class=\"elementor-widget-container\">\n\t\t\t\t\t<h3 class=\"elementor-heading-title elementor-size-default\">INDUSTRIE MOBILE<\/h3>\t\t\t\t<\/div>\n\t\t\t\t<\/div>\n\t\t\t\t<div class=\"elementor-element elementor-element-7c885ac elementor-widget-divider--view-line elementor-widget elementor-widget-divider\" data-id=\"7c885ac\" data-element_type=\"widget\" data-e-type=\"widget\" data-widget_type=\"divider.default\">\n\t\t\t\t<div class=\"elementor-widget-container\">\n\t\t\t\t\t\t\t<div class=\"elementor-divider\">\n\t\t\t<span class=\"elementor-divider-separator\">\n\t\t\t\t\t\t<\/span>\n\t\t<\/div>\n\t\t\t\t\t\t<\/div>\n\t\t\t\t<\/div>\n\t\t\t\t<div class=\"elementor-element elementor-element-00d638f elementor-widget elementor-widget-heading\" data-id=\"00d638f\" data-element_type=\"widget\" data-e-type=\"widget\" data-widget_type=\"heading.default\">\n\t\t\t\t<div class=\"elementor-widget-container\">\n\t\t\t\t\t<h6 class=\"elementor-heading-title elementor-size-default\">Production de sacs et de feuilles en poly\u00e9thyl\u00e8ne basse densit\u00e9, haute densit\u00e9, mat\u00e9riau r\u00e9g\u00e9n\u00e9r\u00e9 et BIO. Les sacs ont une largeur comprise entre 6 et 160 cm et une longueur maximale de 3 m\u00e8tres avec une \u00e9paisseur comprise entre 8 et 200 microns.<\/h6>\t\t\t\t<\/div>\n\t\t\t\t<\/div>\n\t\t\t\t<div class=\"elementor-element elementor-element-eca151d elementor-align-left elementor-widget elementor-widget-button\" data-id=\"eca151d\" data-element_type=\"widget\" data-e-type=\"widget\" data-widget_type=\"button.default\">\n\t\t\t\t<div class=\"elementor-widget-container\">\n\t\t\t\t\t\t\t\t\t<div class=\"elementor-button-wrapper\">\n\t\t\t\t\t<a class=\"elementor-button elementor-button-link elementor-size-sm\" href=\"http:\/\/danplast.ivision.digital\/fr\/produits\/\">\n\t\t\t\t\t\t<span class=\"elementor-button-content-wrapper\">\n\t\t\t\t\t\t\t\t\t<span class=\"elementor-button-text\">DOWNLOAD LE PDF<\/span>\n\t\t\t\t\t<\/span>\n\t\t\t\t\t<\/a>\n\t\t\t\t<\/div>\n\t\t\t\t\t\t\t\t<\/div>\n\t\t\t\t<\/div>\n\t\t\t\t\t<\/div>\n\t\t<\/div>\n\t\t\t\t\t<\/div>\n\t\t<\/section>\n\t\t\t\t<section class=\"elementor-section elementor-top-section elementor-element elementor-element-1b19160 elementor-section-boxed elementor-section-height-default elementor-section-height-default\" data-id=\"1b19160\" data-element_type=\"section\" data-e-type=\"section\">\n\t\t\t\t\t\t<div class=\"elementor-container elementor-column-gap-default\">\n\t\t\t\t\t<div class=\"elementor-column elementor-col-50 elementor-top-column elementor-element elementor-element-3fbc9ec\" data-id=\"3fbc9ec\" data-element_type=\"column\" data-e-type=\"column\">\n\t\t\t<div class=\"elementor-widget-wrap elementor-element-populated\">\n\t\t\t\t\t\t<div class=\"elementor-element elementor-element-1ed56c9 elementor-widget elementor-widget-heading\" data-id=\"1ed56c9\" data-element_type=\"widget\" data-e-type=\"widget\" data-widget_type=\"heading.default\">\n\t\t\t\t<div class=\"elementor-widget-container\">\n\t\t\t\t\t<h3 class=\"elementor-heading-title elementor-size-default\">MARCH\u00c9 DE SHOPPER<\/h3>\t\t\t\t<\/div>\n\t\t\t\t<\/div>\n\t\t\t\t<div class=\"elementor-element elementor-element-3bc4fbb elementor-widget-divider--view-line elementor-widget elementor-widget-divider\" data-id=\"3bc4fbb\" data-element_type=\"widget\" data-e-type=\"widget\" data-widget_type=\"divider.default\">\n\t\t\t\t<div class=\"elementor-widget-container\">\n\t\t\t\t\t\t\t<div class=\"elementor-divider\">\n\t\t\t<span class=\"elementor-divider-separator\">\n\t\t\t\t\t\t<\/span>\n\t\t<\/div>\n\t\t\t\t\t\t<\/div>\n\t\t\t\t<\/div>\n\t\t\t\t<div class=\"elementor-element elementor-element-57192b6 elementor-widget elementor-widget-heading\" data-id=\"57192b6\" data-element_type=\"widget\" data-e-type=\"widget\" data-widget_type=\"heading.default\">\n\t\t\t\t<div class=\"elementor-widget-container\">\n\t\t\t\t\t<h6 class=\"elementor-heading-title elementor-size-default\">Production de sacs et de shoppers en poly\u00e9thyl\u00e8ne basse densit\u00e9, haute densit\u00e9, mat\u00e9riau r\u00e9g\u00e9n\u00e9r\u00e9 et BIO. Les sacs ont une largeur comprise entre 6 et 160 cm et une longueur maximale de 3 m\u00e8tres avec une \u00e9paisseur comprise entre 8 et 200 microns.<\/h6>\t\t\t\t<\/div>\n\t\t\t\t<\/div>\n\t\t\t\t<div class=\"elementor-element elementor-element-affdda9 elementor-align-left elementor-widget elementor-widget-button\" data-id=\"affdda9\" data-element_type=\"widget\" data-e-type=\"widget\" data-widget_type=\"button.default\">\n\t\t\t\t<div class=\"elementor-widget-container\">\n\t\t\t\t\t\t\t\t\t<div class=\"elementor-button-wrapper\">\n\t\t\t\t\t<a class=\"elementor-button elementor-button-link elementor-size-sm\" href=\"http:\/\/danplast.ivision.digital\/fr\/produits\/\">\n\t\t\t\t\t\t<span class=\"elementor-button-content-wrapper\">\n\t\t\t\t\t\t\t\t\t<span class=\"elementor-button-text\">DOWNLOAD LE PDF<\/span>\n\t\t\t\t\t<\/span>\n\t\t\t\t\t<\/a>\n\t\t\t\t<\/div>\n\t\t\t\t\t\t\t\t<\/div>\n\t\t\t\t<\/div>\n\t\t\t\t\t<\/div>\n\t\t<\/div>\n\t\t\t\t<div class=\"elementor-column elementor-col-50 elementor-top-column elementor-element elementor-element-7ae54a3\" data-id=\"7ae54a3\" data-element_type=\"column\" data-e-type=\"column\">\n\t\t\t<div class=\"elementor-widget-wrap elementor-element-populated\">\n\t\t\t\t\t\t<div class=\"elementor-element elementor-element-567a0d5 elementor-widget elementor-widget-image\" data-id=\"567a0d5\" data-element_type=\"widget\" data-e-type=\"widget\" data-widget_type=\"image.default\">\n\t\t\t\t<div class=\"elementor-widget-container\">\n\t\t\t\t\t\t\t\t\t\t\t\t\t\t\t<img decoding=\"async\" width=\"1024\" height=\"683\" src=\"https:\/\/www.danplast.it\/wp-content\/uploads\/2019\/05\/danplast4-1024x683.jpg\" class=\"attachment-large size-large wp-image-1048\" alt=\"\" srcset=\"https:\/\/www.danplast.it\/wp-content\/uploads\/2019\/05\/danplast4-1024x683.jpg 1024w, https:\/\/www.danplast.it\/wp-content\/uploads\/2019\/05\/danplast4-300x200.jpg 300w, https:\/\/www.danplast.it\/wp-content\/uploads\/2019\/05\/danplast4-768x512.jpg 768w, https:\/\/www.danplast.it\/wp-content\/uploads\/2019\/05\/danplast4-e1571064497930.jpg 1080w\" sizes=\"(max-width: 1024px) 100vw, 1024px\" \/>\t\t\t\t\t\t\t\t\t\t\t\t\t\t\t<\/div>\n\t\t\t\t<\/div>\n\t\t\t\t\t<\/div>\n\t\t<\/div>\n\t\t\t\t\t<\/div>\n\t\t<\/section>\n\t\t\t\t<section class=\"elementor-section elementor-top-section elementor-element elementor-element-0113d79 elementor-section-boxed elementor-section-height-default elementor-section-height-default\" data-id=\"0113d79\" data-element_type=\"section\" data-e-type=\"section\">\n\t\t\t\t\t\t<div class=\"elementor-container elementor-column-gap-default\">\n\t\t\t\t\t<div class=\"elementor-column elementor-col-50 elementor-top-column elementor-element elementor-element-9a94d32\" data-id=\"9a94d32\" data-element_type=\"column\" data-e-type=\"column\">\n\t\t\t<div class=\"elementor-widget-wrap elementor-element-populated\">\n\t\t\t\t\t\t<div class=\"elementor-element elementor-element-6f1610e elementor-widget elementor-widget-image\" data-id=\"6f1610e\" data-element_type=\"widget\" data-e-type=\"widget\" data-widget_type=\"image.default\">\n\t\t\t\t<div class=\"elementor-widget-container\">\n\t\t\t\t\t\t\t\t\t\t\t\t\t\t\t<img decoding=\"async\" width=\"1024\" height=\"683\" src=\"https:\/\/www.danplast.it\/wp-content\/uploads\/2019\/05\/danplast3-1024x683.jpg\" class=\"attachment-large size-large wp-image-1046\" alt=\"\" srcset=\"https:\/\/www.danplast.it\/wp-content\/uploads\/2019\/05\/danplast3-1024x683.jpg 1024w, https:\/\/www.danplast.it\/wp-content\/uploads\/2019\/05\/danplast3-300x200.jpg 300w, https:\/\/www.danplast.it\/wp-content\/uploads\/2019\/05\/danplast3-768x512.jpg 768w, https:\/\/www.danplast.it\/wp-content\/uploads\/2019\/05\/danplast3-e1571064490215.jpg 1080w\" sizes=\"(max-width: 1024px) 100vw, 1024px\" \/>\t\t\t\t\t\t\t\t\t\t\t\t\t\t\t<\/div>\n\t\t\t\t<\/div>\n\t\t\t\t\t<\/div>\n\t\t<\/div>\n\t\t\t\t<div class=\"elementor-column elementor-col-50 elementor-top-column elementor-element elementor-element-49531a8\" data-id=\"49531a8\" data-element_type=\"column\" data-e-type=\"column\">\n\t\t\t<div class=\"elementor-widget-wrap elementor-element-populated\">\n\t\t\t\t\t\t<div class=\"elementor-element elementor-element-f396f86 elementor-widget elementor-widget-heading\" data-id=\"f396f86\" data-element_type=\"widget\" data-e-type=\"widget\" data-widget_type=\"heading.default\">\n\t\t\t\t<div class=\"elementor-widget-container\">\n\t\t\t\t\t<h3 class=\"elementor-heading-title elementor-size-default\">INDUSTRIE ALIMENTAIRE<\/h3>\t\t\t\t<\/div>\n\t\t\t\t<\/div>\n\t\t\t\t<div class=\"elementor-element elementor-element-6f719b5 elementor-widget-divider--view-line elementor-widget elementor-widget-divider\" data-id=\"6f719b5\" data-element_type=\"widget\" data-e-type=\"widget\" data-widget_type=\"divider.default\">\n\t\t\t\t<div class=\"elementor-widget-container\">\n\t\t\t\t\t\t\t<div class=\"elementor-divider\">\n\t\t\t<span class=\"elementor-divider-separator\">\n\t\t\t\t\t\t<\/span>\n\t\t<\/div>\n\t\t\t\t\t\t<\/div>\n\t\t\t\t<\/div>\n\t\t\t\t<div class=\"elementor-element elementor-element-26bf82f elementor-widget elementor-widget-heading\" data-id=\"26bf82f\" data-element_type=\"widget\" data-e-type=\"widget\" data-widget_type=\"heading.default\">\n\t\t\t\t<div class=\"elementor-widget-container\">\n\t\t\t\t\t<h6 class=\"elementor-heading-title elementor-size-default\">Production de sacs et emballages en poly\u00e9thyl\u00e8ne basse densit\u00e9, haute densit\u00e9, mat\u00e9riau r\u00e9g\u00e9n\u00e9r\u00e9 et BIO. Les sacs ont une largeur comprise entre 6 et 160 cm et une longueur maximale de 3 m\u00e8tres avec une \u00e9paisseur comprise entre 8 et 200 microns.<\/h6>\t\t\t\t<\/div>\n\t\t\t\t<\/div>\n\t\t\t\t<div class=\"elementor-element elementor-element-46d100c elementor-align-left elementor-widget elementor-widget-button\" data-id=\"46d100c\" data-element_type=\"widget\" data-e-type=\"widget\" data-widget_type=\"button.default\">\n\t\t\t\t<div class=\"elementor-widget-container\">\n\t\t\t\t\t\t\t\t\t<div class=\"elementor-button-wrapper\">\n\t\t\t\t\t<a class=\"elementor-button elementor-button-link elementor-size-sm\" href=\"http:\/\/danplast.ivision.digital\/fr\/produits\/\">\n\t\t\t\t\t\t<span class=\"elementor-button-content-wrapper\">\n\t\t\t\t\t\t\t\t\t<span class=\"elementor-button-text\">DOWNLOAD LE PDF<\/span>\n\t\t\t\t\t<\/span>\n\t\t\t\t\t<\/a>\n\t\t\t\t<\/div>\n\t\t\t\t\t\t\t\t<\/div>\n\t\t\t\t<\/div>\n\t\t\t\t\t<\/div>\n\t\t<\/div>\n\t\t\t\t\t<\/div>\n\t\t<\/section>\n\t\t\t\t<section class=\"elementor-section elementor-top-section elementor-element elementor-element-7d60c25 elementor-section-stretched elementor-section-boxed elementor-section-height-default elementor-section-height-default\" data-id=\"7d60c25\" data-element_type=\"section\" data-e-type=\"section\" data-settings=\"{&quot;stretch_section&quot;:&quot;section-stretched&quot;,&quot;background_background&quot;:&quot;classic&quot;}\">\n\t\t\t\t\t\t<div class=\"elementor-container elementor-column-gap-default\">\n\t\t\t\t\t<div class=\"elementor-column elementor-col-50 elementor-top-column elementor-element elementor-element-9f38d8f\" data-id=\"9f38d8f\" data-element_type=\"column\" data-e-type=\"column\">\n\t\t\t<div class=\"elementor-widget-wrap elementor-element-populated\">\n\t\t\t\t\t\t<div class=\"elementor-element elementor-element-b7bbacf elementor-widget elementor-widget-heading\" data-id=\"b7bbacf\" data-element_type=\"widget\" data-e-type=\"widget\" data-widget_type=\"heading.default\">\n\t\t\t\t<div class=\"elementor-widget-container\">\n\t\t\t\t\t<h2 class=\"elementor-heading-title elementor-size-default\">Demande d'information<\/h2>\t\t\t\t<\/div>\n\t\t\t\t<\/div>\n\t\t\t\t\t<\/div>\n\t\t<\/div>\n\t\t\t\t<div class=\"elementor-column elementor-col-50 elementor-top-column elementor-element elementor-element-ad16aaa\" data-id=\"ad16aaa\" data-element_type=\"column\" data-e-type=\"column\">\n\t\t\t<div class=\"elementor-widget-wrap elementor-element-populated\">\n\t\t\t\t\t\t<div class=\"elementor-element elementor-element-9dab6d4 elementor-align-right elementor-widget elementor-widget-button\" data-id=\"9dab6d4\" data-element_type=\"widget\" data-e-type=\"widget\" data-widget_type=\"button.default\">\n\t\t\t\t<div class=\"elementor-widget-container\">\n\t\t\t\t\t\t\t\t\t<div class=\"elementor-button-wrapper\">\n\t\t\t\t\t<a class=\"elementor-button elementor-button-link elementor-size-sm\" href=\"http:\/\/danplast.ivision.digital\/fr\/contacts\/\">\n\t\t\t\t\t\t<span class=\"elementor-button-content-wrapper\">\n\t\t\t\t\t\t\t\t\t<span class=\"elementor-button-text\">DEMANDE D'INFORMATION<\/span>\n\t\t\t\t\t<\/span>\n\t\t\t\t\t<\/a>\n\t\t\t\t<\/div>\n\t\t\t\t\t\t\t\t<\/div>\n\t\t\t\t<\/div>\n\t\t\t\t\t<\/div>\n\t\t<\/div>\n\t\t\t\t\t<\/div>\n\t\t<\/section>\n\t\t\t\t<\/div>\n\t\t","protected":false},"excerpt":{"rendered":"<p>NOS APPLICATIONS INDUSTRIE MOBILE Production de sacs et de feuilles en poly\u00e9thyl\u00e8ne basse densit\u00e9, haute densit\u00e9, mat\u00e9riau r\u00e9g\u00e9n\u00e9r\u00e9 et BIO. Les sacs ont une largeur comprise entre 6 et 160 cm et une longueur maximale de 3 m\u00e8tres avec une&#8230;<\/p>\n","protected":false},"author":1,"featured_media":0,"parent":0,"menu_order":0,"comment_status":"closed","ping_status":"closed","template":"","meta":{"footnotes":""},"class_list":["post-607","page","type-page","status-publish","hentry"],"yoast_head":"<!-- This site is optimized with the Yoast SEO plugin v27.1.1 - https:\/\/yoast.com\/product\/yoast-seo-wordpress\/ -->\n<title>APPLICATIONS - Danplast srl<\/title>\n<meta name=\"description\" content=\"Les emballages Danplast sont utilis\u00e9s dans divers secteurs, de l&#039;industrie du meuble \u00e0 l&#039;industrie alimentaire, en passant par les magasins et les boutiques.\" \/>\n<meta name=\"robots\" content=\"index, follow, max-snippet:-1, max-image-preview:large, max-video-preview:-1\" \/>\n<link rel=\"canonical\" href=\"https:\/\/www.danplast.it\/applicazioni\/\" \/>\n<meta property=\"og:locale\" content=\"fr_FR\" \/>\n<meta property=\"og:type\" content=\"article\" \/>\n<meta property=\"og:title\" content=\"APPLICATIONS - Danplast srl\" \/>\n<meta property=\"og:description\" content=\"Les emballages Danplast sont utilis\u00e9s dans divers secteurs, de l&#039;industrie du meuble \u00e0 l&#039;industrie alimentaire, en passant par les magasins et les boutiques.\" \/>\n<meta property=\"og:url\" content=\"https:\/\/www.danplast.it\/applicazioni\/\" \/>\n<meta property=\"og:site_name\" content=\"Danplast srl\" \/>\n<meta property=\"article:modified_time\" content=\"2019-05-17T10:41:09+00:00\" \/>\n<meta property=\"og:image\" content=\"http:\/\/www.danplast.it\/wp-content\/uploads\/2019\/05\/iStock-91721347-1024x683.jpg\" \/>\n<meta name=\"twitter:card\" content=\"summary_large_image\" \/>\n<meta name=\"twitter:label1\" content=\"Est. reading time\" \/>\n\t<meta name=\"twitter:data1\" content=\"1 minute\" \/>\n<script type=\"application\/ld+json\" class=\"yoast-schema-graph\">{\"@context\":\"https:\/\/schema.org\",\"@graph\":[{\"@type\":\"WebPage\",\"@id\":\"https:\/\/www.danplast.it\/applicazioni\/\",\"url\":\"https:\/\/www.danplast.it\/applicazioni\/\",\"name\":\"APPLICATIONS - Danplast srl\",\"isPartOf\":{\"@id\":\"https:\/\/www.danplast.it\/#website\"},\"primaryImageOfPage\":{\"@id\":\"https:\/\/www.danplast.it\/applicazioni\/#primaryimage\"},\"image\":{\"@id\":\"https:\/\/www.danplast.it\/applicazioni\/#primaryimage\"},\"thumbnailUrl\":\"http:\/\/www.danplast.it\/wp-content\/uploads\/2019\/05\/iStock-91721347-1024x683.jpg\",\"datePublished\":\"2019-05-17T10:26:42+00:00\",\"dateModified\":\"2019-05-17T10:41:09+00:00\",\"description\":\"Les emballages Danplast sont utilis\u00e9s dans divers secteurs, de l'industrie du meuble \u00e0 l'industrie alimentaire, en passant par les magasins et les boutiques.\",\"breadcrumb\":{\"@id\":\"https:\/\/www.danplast.it\/applicazioni\/#breadcrumb\"},\"inLanguage\":\"fr-FR\",\"potentialAction\":[{\"@type\":\"ReadAction\",\"target\":[\"https:\/\/www.danplast.it\/applicazioni\/\"]}]},{\"@type\":\"ImageObject\",\"inLanguage\":\"fr-FR\",\"@id\":\"https:\/\/www.danplast.it\/applicazioni\/#primaryimage\",\"url\":\"http:\/\/www.danplast.it\/wp-content\/uploads\/2019\/05\/iStock-91721347-1024x683.jpg\",\"contentUrl\":\"http:\/\/www.danplast.it\/wp-content\/uploads\/2019\/05\/iStock-91721347-1024x683.jpg\"},{\"@type\":\"BreadcrumbList\",\"@id\":\"https:\/\/www.danplast.it\/applicazioni\/#breadcrumb\",\"itemListElement\":[{\"@type\":\"ListItem\",\"position\":1,\"name\":\"Home\",\"item\":\"https:\/\/www.danplast.it\/fr\/\"},{\"@type\":\"ListItem\",\"position\":2,\"name\":\"APPLICATIONS\"}]},{\"@type\":\"WebSite\",\"@id\":\"https:\/\/www.danplast.it\/#website\",\"url\":\"https:\/\/www.danplast.it\/\",\"name\":\"Danplast srl\",\"description\":\"Lavorazione materie plastiche\",\"potentialAction\":[{\"@type\":\"SearchAction\",\"target\":{\"@type\":\"EntryPoint\",\"urlTemplate\":\"https:\/\/www.danplast.it\/?s={search_term_string}\"},\"query-input\":{\"@type\":\"PropertyValueSpecification\",\"valueRequired\":true,\"valueName\":\"search_term_string\"}}],\"inLanguage\":\"fr-FR\"}]}<\/script>\n<!-- \/ Yoast SEO plugin. -->","yoast_head_json":{"title":"APPLICATIONS - Danplast srl","description":"Les emballages Danplast sont utilis\u00e9s dans divers secteurs, de l'industrie du meuble \u00e0 l'industrie alimentaire, en passant par les magasins et les boutiques.","robots":{"index":"index","follow":"follow","max-snippet":"max-snippet:-1","max-image-preview":"max-image-preview:large","max-video-preview":"max-video-preview:-1"},"canonical":"https:\/\/www.danplast.it\/applicazioni\/","og_locale":"fr_FR","og_type":"article","og_title":"APPLICATIONS - Danplast srl","og_description":"Les emballages Danplast sont utilis\u00e9s dans divers secteurs, de l'industrie du meuble \u00e0 l'industrie alimentaire, en passant par les magasins et les boutiques.","og_url":"https:\/\/www.danplast.it\/applicazioni\/","og_site_name":"Danplast srl","article_modified_time":"2019-05-17T10:41:09+00:00","og_image":[{"url":"http:\/\/www.danplast.it\/wp-content\/uploads\/2019\/05\/iStock-91721347-1024x683.jpg","type":"","width":"","height":""}],"twitter_card":"summary_large_image","twitter_misc":{"Est. reading time":"1 minute"},"schema":{"@context":"https:\/\/schema.org","@graph":[{"@type":"WebPage","@id":"https:\/\/www.danplast.it\/applicazioni\/","url":"https:\/\/www.danplast.it\/applicazioni\/","name":"APPLICATIONS - Danplast srl","isPartOf":{"@id":"https:\/\/www.danplast.it\/#website"},"primaryImageOfPage":{"@id":"https:\/\/www.danplast.it\/applicazioni\/#primaryimage"},"image":{"@id":"https:\/\/www.danplast.it\/applicazioni\/#primaryimage"},"thumbnailUrl":"http:\/\/www.danplast.it\/wp-content\/uploads\/2019\/05\/iStock-91721347-1024x683.jpg","datePublished":"2019-05-17T10:26:42+00:00","dateModified":"2019-05-17T10:41:09+00:00","description":"Les emballages Danplast sont utilis\u00e9s dans divers secteurs, de l'industrie du meuble \u00e0 l'industrie alimentaire, en passant par les magasins et les boutiques.","breadcrumb":{"@id":"https:\/\/www.danplast.it\/applicazioni\/#breadcrumb"},"inLanguage":"fr-FR","potentialAction":[{"@type":"ReadAction","target":["https:\/\/www.danplast.it\/applicazioni\/"]}]},{"@type":"ImageObject","inLanguage":"fr-FR","@id":"https:\/\/www.danplast.it\/applicazioni\/#primaryimage","url":"http:\/\/www.danplast.it\/wp-content\/uploads\/2019\/05\/iStock-91721347-1024x683.jpg","contentUrl":"http:\/\/www.danplast.it\/wp-content\/uploads\/2019\/05\/iStock-91721347-1024x683.jpg"},{"@type":"BreadcrumbList","@id":"https:\/\/www.danplast.it\/applicazioni\/#breadcrumb","itemListElement":[{"@type":"ListItem","position":1,"name":"Home","item":"https:\/\/www.danplast.it\/fr\/"},{"@type":"ListItem","position":2,"name":"APPLICATIONS"}]},{"@type":"WebSite","@id":"https:\/\/www.danplast.it\/#website","url":"https:\/\/www.danplast.it\/","name":"Danplast srl","description":"Lavorazione materie plastiche","potentialAction":[{"@type":"SearchAction","target":{"@type":"EntryPoint","urlTemplate":"https:\/\/www.danplast.it\/?s={search_term_string}"},"query-input":{"@type":"PropertyValueSpecification","valueRequired":true,"valueName":"search_term_string"}}],"inLanguage":"fr-FR"}]}},"_links":{"self":[{"href":"https:\/\/www.danplast.it\/fr\/wp-json\/wp\/v2\/pages\/607","targetHints":{"allow":["GET"]}}],"collection":[{"href":"https:\/\/www.danplast.it\/fr\/wp-json\/wp\/v2\/pages"}],"about":[{"href":"https:\/\/www.danplast.it\/fr\/wp-json\/wp\/v2\/types\/page"}],"author":[{"embeddable":true,"href":"https:\/\/www.danplast.it\/fr\/wp-json\/wp\/v2\/users\/1"}],"replies":[{"embeddable":true,"href":"https:\/\/www.danplast.it\/fr\/wp-json\/wp\/v2\/comments?post=607"}],"version-history":[{"count":16,"href":"https:\/\/www.danplast.it\/fr\/wp-json\/wp\/v2\/pages\/607\/revisions"}],"predecessor-version":[{"id":695,"href":"https:\/\/www.danplast.it\/fr\/wp-json\/wp\/v2\/pages\/607\/revisions\/695"}],"wp:attachment":[{"href":"https:\/\/www.danplast.it\/fr\/wp-json\/wp\/v2\/media?parent=607"}],"curies":[{"name":"wp","href":"https:\/\/api.w.org\/{rel}","templated":true}]}}